{"id":65,"date":"2021-06-30T10:42:33","date_gmt":"2021-06-30T10:42:33","guid":{"rendered":"http:\/\/www.vinary.de\/hometasting\/?page_id=65"},"modified":"2021-07-29T09:25:00","modified_gmt":"2021-07-29T09:25:00","slug":"sommelierseminar","status":"publish","type":"page","link":"https:\/\/vinary.de\/hometasting\/sommelierseminar\/","title":{"rendered":"SOMMELIER\u00adSEMINAR"},"content":{"rendered":"\t\t<div data-elementor-type=\"wp-page\" data-elementor-id=\"65\" class=\"elementor elementor-65\" data-elementor-settings=\"[]\">\n\t\t\t\t\t\t\t<div class=\"elementor-section-wrap\">\n\t\t\t\t\t\t\t<section class=\"elementor-section elementor-top-section elementor-element elementor-element-dbe5a54 elementor-section-boxed elementor-section-height-default elementor-section-height-default\" data-id=\"dbe5a54\" data-element_type=\"section\">\n\t\t\t\t\t\t<div class=\"elementor-container elementor-column-gap-default\">\n\t\t\t\t\t<div class=\"elementor-column elementor-col-100 elementor-top-column elementor-element elementor-element-93fc9cc\" data-id=\"93fc9cc\" data-element_type=\"column\">\n\t\t\t<div class=\"elementor-widget-wrap elementor-element-populated\">\n\t\t\t\t\t\t\t\t<div class=\"elementor-element elementor-element-14548eb elementor-widget elementor-widget-heading\" data-id=\"14548eb\" data-element_type=\"widget\" data-widget_type=\"heading.default\">\n\t\t\t\t<div class=\"elementor-widget-container\">\n\t\t\t<style>\/*! elementor - v3.4.4 - 13-09-2021 *\/\n.elementor-heading-title{padding:0;margin:0;line-height:1}.elementor-widget-heading .elementor-heading-title[class*=elementor-size-]>a{color:inherit;font-size:inherit;line-height:inherit}.elementor-widget-heading .elementor-heading-title.elementor-size-small{font-size:15px}.elementor-widget-heading .elementor-heading-title.elementor-size-medium{font-size:19px}.elementor-widget-heading .elementor-heading-title.elementor-size-large{font-size:29px}.elementor-widget-heading .elementor-heading-title.elementor-size-xl{font-size:39px}.elementor-widget-heading .elementor-heading-title.elementor-size-xxl{font-size:59px}<\/style><h2 class=\"elementor-heading-title elementor-size-default\">SOMMELIER\u00adSEMINAR<\/h2>\t\t<\/div>\n\t\t\t\t<\/div>\n\t\t\t\t<div class=\"elementor-element elementor-element-d2802aa elementor-widget elementor-widget-image\" data-id=\"d2802aa\" data-element_type=\"widget\" data-widget_type=\"image.default\">\n\t\t\t\t<div class=\"elementor-widget-container\">\n\t\t\t<style>\/*! elementor - v3.4.4 - 13-09-2021 *\/\n.elementor-widget-image{text-align:center}.elementor-widget-image a{display:inline-block}.elementor-widget-image a img[src$=\".svg\"]{width:48px}.elementor-widget-image img{vertical-align:middle;display:inline-block}<\/style>\t\t\t\t\t\t\t\t\t\t\t\t<img width=\"800\" height=\"525\" src=\"https:\/\/res.cloudinary.com\/djmoyskjr\/images\/q_auto\/v1\/sommelier_orig-1\/sommelier_orig-1.webp?_i=AA\" class=\"attachment-full size-full\" alt=\"\" loading=\"lazy\" \/>\t\t\t\t\t\t\t\t\t\t\t\t\t\t\t<\/div>\n\t\t\t\t<\/div>\n\t\t\t\t<div class=\"elementor-element elementor-element-453a790 elementor-widget elementor-widget-text-editor\" data-id=\"453a790\" data-element_type=\"widget\" data-widget_type=\"text-editor.default\">\n\t\t\t\t<div class=\"elementor-widget-container\">\n\t\t\t<style>\/*! elementor - v3.4.4 - 13-09-2021 *\/\n.elementor-widget-text-editor.elementor-drop-cap-view-stacked .elementor-drop-cap{background-color:#818a91;color:#fff}.elementor-widget-text-editor.elementor-drop-cap-view-framed .elementor-drop-cap{color:#818a91;border:3px solid;background-color:transparent}.elementor-widget-text-editor:not(.elementor-drop-cap-view-default) .elementor-drop-cap{margin-top:8px}.elementor-widget-text-editor:not(.elementor-drop-cap-view-default) .elementor-drop-cap-letter{width:1em;height:1em}.elementor-widget-text-editor .elementor-drop-cap{float:left;text-align:center;line-height:1;font-size:50px}.elementor-widget-text-editor .elementor-drop-cap-letter{display:inline-block}<\/style>\t\t\t\t<p class=\"text-muted\" align=\"left\">In dem\u00a0Sommelierseminar-Paket\u00a0bekommst du ein Paket mit f\u00fcnf Spitzenweinen mit komplexen Aromen zugeschickt. Au\u00dfer den vier handverlesenen Wei\u00df- und Rotweinflaschen erh\u00e4lst du auch eine hochwertige Champagnerflasche. Dazu bekommst du als Veranstalter (Vinary-Master) ein detailliertes Begleitbuch, um dich durch eure Weinverkostung zu f\u00fchren. Das Vinary-Master-Begleitbuch informiert dich dar\u00fcber, wie euer Weinseminar abl\u00e4uft, z.B. wer wann wie was macht, welche Speisen passend zu welchem Wein sind, in welcher Reihenfolge die Weine degustiert werden etc. Um eure Geschmacks- und Geruchssinne weiter zu trainieren enth\u00e4lt das Paket zus\u00e4tzlich ein umfassendes Set von 10 Aromafl\u00e4schchen.<br \/><br \/>W\u00e4hrend des Weinseminars probiert ihr beispiels\u00adweise gleich\u00adzeitig unter\u00adschied\u00adliche Weine und erriecht, erschmeckt und erkennt unterschiedlichste Aromen. Die mitgelieferten Teilnehmer-Begleit\u00adhefte helfen euch dabei die Geruchs- und Geschmacksaromen zu deuten, diese mit der Aromen\u00ad\u00fcbersicht erfahrener Sommeliers zu vergleichen und dabei gemeinsam zu lachen. Au\u00dferdem benutzt ihr die mitgelieferten Aromafl\u00e4schchen, um Schritt f\u00fcr Schritt komplexe Geruchsaromen gemeinsam in ihre Bestandteile aufzuteilen.<br \/><br \/>Au\u00dfer ganz viel Spa\u00df zu haben, ist dieses Weinseminar deshalb perfekt f\u00fcr dich und bis zu sechs deiner Freunde, um eure Geruchs- und Geschmackssinne weiter zu trainieren. So lernt ihr nicht nur, was die Unterschiede zwischen Wei\u00df- und Rotwein sind, wie sich Farbe, Geruch und Geschmack je nach Anbaugebiet, Jahrgang und Rebsorte unterscheiden, sondern trainiert auch explizit mithilfe der Aromafl\u00e4schchen, komplexe Aromen in ihre Bestandteile aufzuteilen.<\/p>\t\t\t\t\t\t<\/div>\n\t\t\t\t<\/div>\n\t\t\t\t<section class=\"elementor-section elementor-inner-section elementor-element elementor-element-af404a7 elementor-section-boxed elementor-section-height-default elementor-section-height-default\" data-id=\"af404a7\" data-element_type=\"section\">\n\t\t\t\t\t\t<div class=\"elementor-container elementor-column-gap-default\">\n\t\t\t\t\t<div class=\"elementor-column elementor-col-50 elementor-inner-column elementor-element elementor-element-4ba07b4\" data-id=\"4ba07b4\" data-element_type=\"column\">\n\t\t\t<div class=\"elementor-widget-wrap elementor-element-populated\">\n\t\t\t\t\t\t\t\t<div class=\"elementor-element elementor-element-7018372 elementor-widget elementor-widget-image\" data-id=\"7018372\" data-element_type=\"widget\" data-widget_type=\"image.default\">\n\t\t\t\t<div class=\"elementor-widget-container\">\n\t\t\t\t\t\t\t\t\t\t\t\t\t\t\t<img width=\"700\" height=\"525\" src=\"https:\/\/res.cloudinary.com\/djmoyskjr\/images\/q_auto\/v1\/sommelier-2-1\/sommelier-2-1.webp?_i=AA\" class=\"attachment-full size-full\" alt=\"\" loading=\"lazy\" \/>\t\t\t\t\t\t\t\t\t\t\t\t\t\t\t<\/div>\n\t\t\t\t<\/div>\n\t\t\t\t\t<\/div>\n\t\t<\/div>\n\t\t\t\t<div class=\"elementor-column elementor-col-50 elementor-inner-column elementor-element elementor-element-7c50b48\" data-id=\"7c50b48\" data-element_type=\"column\">\n\t\t\t<div class=\"elementor-widget-wrap elementor-element-populated\">\n\t\t\t\t\t\t\t\t<div class=\"elementor-element elementor-element-8a97650 elementor-widget elementor-widget-text-editor\" data-id=\"8a97650\" data-element_type=\"widget\" data-widget_type=\"text-editor.default\">\n\t\t\t\t<div class=\"elementor-widget-container\">\n\t\t\t\t\t\t\t<p><b>Paketinhalt:<\/b><br \/>1 Flasche Champagner (Schaumwein)<br \/>2 Flaschen Wei\u00dfwein<br \/>2 Flaschen Rotwein<br \/>1 Aromafl\u00e4schchen-Set<br \/>1 Vinary-Master Begleitbuch<br \/>7 Teilnehmerhefte<br \/><br \/><b>Preis (kostenloser Versand nach DE)<\/b>: 79,99\u20ac<\/p>\t\t\t\t\t\t<\/div>\n\t\t\t\t<\/div>\n\t\t\t\t<div class=\"elementor-element elementor-element-7efcb31 elementor-align-left elementor-mobile-align-center elementor-widget elementor-widget-button\" data-id=\"7efcb31\" data-element_type=\"widget\" data-widget_type=\"button.default\">\n\t\t\t\t<div class=\"elementor-widget-container\">\n\t\t\t\t\t<div class=\"elementor-button-wrapper\">\n\t\t\t<a href=\"https:\/\/vinary.de\/hometasting\/ordering-page\/\" class=\"elementor-button-link elementor-button elementor-size-xl\" role=\"button\">\n\t\t\t\t\t\t<span class=\"elementor-button-content-wrapper\">\n\t\t\t\t\t\t<span class=\"elementor-button-icon elementor-align-icon-left\">\n\t\t\t\t<i aria-hidden=\"true\" class=\"fas fa-shopping-cart\"><\/i>\t\t\t<\/span>\n\t\t\t\t\t\t<span class=\"elementor-button-text\"> Bestellen<\/span>\n\t\t<\/span>\n\t\t\t\t\t<\/a>\n\t\t<\/div>\n\t\t\t\t<\/div>\n\t\t\t\t<\/div>\n\t\t\t\t\t<\/div>\n\t\t<\/div>\n\t\t\t\t\t\t\t<\/div>\n\t\t<\/section>\n\t\t\t\t\t<\/div>\n\t\t<\/div>\n\t\t\t\t\t\t\t<\/div>\n\t\t<\/section>\n\t\t\t\t\t\t<\/div>\n\t\t\t\t\t<\/div>\n\t\t","protected":false},"excerpt":{"rendered":"<p>SOMMELIER\u00adSEMINAR In dem&nbsp;Sommelierseminar-Paket&nbsp;bekommst du ein Paket mit f\u00fcnf Spitzenweinen mit komplexen Aromen zugeschickt. Au\u00dfer den vier handverlesenen Wei\u00df- und Rotweinflaschen erh\u00e4lst du auch eine hochwertige Champagnerflasche. Dazu bekommst du als Veranstalter (Vinary-Master) ein detailliertes Begleitbuch, um dich durch eure Weinverkostung zu f\u00fchren. Das Vinary-Master-Begleitbuch informiert dich dar\u00fcber, wie euer Weinseminar abl\u00e4uft, z.B. wer wann wie [&hellip;]<\/p>\n","protected":false},"author":2,"featured_media":0,"parent":0,"menu_order":0,"comment_status":"closed","ping_status":"closed","template":"","meta":{"_cloudinary_featured_overwrite":false},"yoast_head":"<!-- This site is optimized with the Yoast SEO plugin v17.3 - https:\/\/yoast.com\/wordpress\/plugins\/seo\/ -->\n<title>Sommelierseminar Paket von Vinary.de - Mit Spa\u00df zum Weinprofi werden<\/title>\n<meta name=\"description\" content=\"Mit dem Profi-Weinseminar wirst du mit deinen Freunden zu hause zum richtigen Weinsommelier und wei\u00dft worauf es bei der Weinprobe ankommt.\" \/>\n<meta name=\"robots\" content=\"index, follow, max-snippet:-1, max-image-preview:large, max-video-preview:-1\" \/>\n<link rel=\"canonical\" href=\"https:\/\/vinary.de\/hometasting\/sommelierseminar\/\" \/>\n<meta property=\"og:locale\" content=\"en_US\" \/>\n<meta property=\"og:type\" content=\"article\" \/>\n<meta property=\"og:title\" content=\"Sommelierseminar Paket von Vinary.de - Mit Spa\u00df zum Weinprofi werden\" \/>\n<meta property=\"og:description\" content=\"Mit dem Profi-Weinseminar wirst du mit deinen Freunden zu hause zum richtigen Weinsommelier und wei\u00dft worauf es bei der Weinprobe ankommt.\" \/>\n<meta property=\"og:url\" content=\"https:\/\/vinary.de\/hometasting\/sommelierseminar\/\" \/>\n<meta property=\"og:site_name\" content=\"Vinary - Weinseminare mit Freunden zuhause veranstalten\" \/>\n<meta property=\"article:publisher\" content=\"https:\/\/www.facebook.com\/vinary.seminare\/\" \/>\n<meta property=\"article:modified_time\" content=\"2021-07-29T09:25:00+00:00\" \/>\n<meta property=\"og:image\" content=\"http:\/\/www.vinary.de\/hometasting\/wp-content\/uploads\/2021\/07\/sommelier_orig-1.jpg\" \/>\n<meta name=\"twitter:card\" content=\"summary_large_image\" \/>\n<meta name=\"twitter:site\" content=\"@Vinaryseminare\" \/>\n<meta name=\"twitter:label1\" content=\"Est. reading time\" \/>\n\t<meta name=\"twitter:data1\" content=\"2 minutes\" \/>\n<script type=\"application\/ld+json\" class=\"yoast-schema-graph\">{\"@context\":\"https:\/\/schema.org\",\"@graph\":[{\"@type\":\"Organization\",\"@id\":\"https:\/\/www.vinary.de\/hometasting\/#organization\",\"name\":\"Vinary\",\"url\":\"https:\/\/www.vinary.de\/hometasting\/\",\"sameAs\":[\"https:\/\/www.facebook.com\/vinary.seminare\/\",\"https:\/\/www.instagram.com\/vinaryseminare\/\",\"https:\/\/twitter.com\/Vinaryseminare\"],\"logo\":{\"@type\":\"ImageObject\",\"@id\":\"https:\/\/www.vinary.de\/hometasting\/#logo\",\"inLanguage\":\"en\",\"url\":\"http:\/\/www.vinary.de\/hometasting\/wp-content\/uploads\/2021\/07\/vinary-logo.png\",\"contentUrl\":\"http:\/\/www.vinary.de\/hometasting\/wp-content\/uploads\/2021\/07\/vinary-logo.png\",\"width\":177,\"height\":55,\"caption\":\"Vinary\"},\"image\":{\"@id\":\"https:\/\/www.vinary.de\/hometasting\/#logo\"}},{\"@type\":\"WebSite\",\"@id\":\"https:\/\/www.vinary.de\/hometasting\/#website\",\"url\":\"https:\/\/www.vinary.de\/hometasting\/\",\"name\":\"Vinary - Weinseminare mit Freunden zuhause veranstalten\",\"description\":\"Weinseminare mit Freunden zuhause\",\"publisher\":{\"@id\":\"https:\/\/www.vinary.de\/hometasting\/#organization\"},\"potentialAction\":[{\"@type\":\"SearchAction\",\"target\":{\"@type\":\"EntryPoint\",\"urlTemplate\":\"https:\/\/www.vinary.de\/hometasting\/?s={search_term_string}\"},\"query-input\":\"required name=search_term_string\"}],\"inLanguage\":\"en\"},{\"@type\":\"ImageObject\",\"@id\":\"https:\/\/vinary.de\/hometasting\/sommelierseminar\/#primaryimage\",\"inLanguage\":\"en\",\"url\":\"http:\/\/www.vinary.de\/hometasting\/wp-content\/uploads\/2021\/07\/sommelier_orig-1.jpg\",\"contentUrl\":\"http:\/\/www.vinary.de\/hometasting\/wp-content\/uploads\/2021\/07\/sommelier_orig-1.jpg\"},{\"@type\":\"WebPage\",\"@id\":\"https:\/\/vinary.de\/hometasting\/sommelierseminar\/#webpage\",\"url\":\"https:\/\/vinary.de\/hometasting\/sommelierseminar\/\",\"name\":\"Sommelierseminar Paket von Vinary.de - Mit Spa\\u00df zum Weinprofi werden\",\"isPartOf\":{\"@id\":\"https:\/\/www.vinary.de\/hometasting\/#website\"},\"primaryImageOfPage\":{\"@id\":\"https:\/\/vinary.de\/hometasting\/sommelierseminar\/#primaryimage\"},\"datePublished\":\"2021-06-30T10:42:33+00:00\",\"dateModified\":\"2021-07-29T09:25:00+00:00\",\"description\":\"Mit dem Profi-Weinseminar wirst du mit deinen Freunden zu hause zum richtigen Weinsommelier und wei\\u00dft worauf es bei der Weinprobe ankommt.\",\"breadcrumb\":{\"@id\":\"https:\/\/vinary.de\/hometasting\/sommelierseminar\/#breadcrumb\"},\"inLanguage\":\"en\",\"potentialAction\":[{\"@type\":\"ReadAction\",\"target\":[\"https:\/\/vinary.de\/hometasting\/sommelierseminar\/\"]}]},{\"@type\":\"BreadcrumbList\",\"@id\":\"https:\/\/vinary.de\/hometasting\/sommelierseminar\/#breadcrumb\",\"itemListElement\":[{\"@type\":\"ListItem\",\"position\":1,\"name\":\"Home\",\"item\":\"https:\/\/vinary.de\/hometasting\/\"},{\"@type\":\"ListItem\",\"position\":2,\"name\":\"SOMMELIER\\u00adSEMINAR\"}]}]}<\/script>\n<!-- \/ Yoast SEO plugin. -->","yoast_head_json":{"title":"Sommelierseminar Paket von Vinary.de - Mit Spa\u00df zum Weinprofi werden","description":"Mit dem Profi-Weinseminar wirst du mit deinen Freunden zu hause zum richtigen Weinsommelier und wei\u00dft worauf es bei der Weinprobe ankommt.","robots":{"index":"index","follow":"follow","max-snippet":"max-snippet:-1","max-image-preview":"max-image-preview:large","max-video-preview":"max-video-preview:-1"},"canonical":"https:\/\/vinary.de\/hometasting\/sommelierseminar\/","og_locale":"en_US","og_type":"article","og_title":"Sommelierseminar Paket von Vinary.de - Mit Spa\u00df zum Weinprofi werden","og_description":"Mit dem Profi-Weinseminar wirst du mit deinen Freunden zu hause zum richtigen Weinsommelier und wei\u00dft worauf es bei der Weinprobe ankommt.","og_url":"https:\/\/vinary.de\/hometasting\/sommelierseminar\/","og_site_name":"Vinary - Weinseminare mit Freunden zuhause veranstalten","article_publisher":"https:\/\/www.facebook.com\/vinary.seminare\/","article_modified_time":"2021-07-29T09:25:00+00:00","og_image":[{"url":"http:\/\/www.vinary.de\/hometasting\/wp-content\/uploads\/2021\/07\/sommelier_orig-1.jpg"}],"twitter_card":"summary_large_image","twitter_site":"@Vinaryseminare","twitter_misc":{"Est. reading time":"2 minutes"},"schema":{"@context":"https:\/\/schema.org","@graph":[{"@type":"Organization","@id":"https:\/\/www.vinary.de\/hometasting\/#organization","name":"Vinary","url":"https:\/\/www.vinary.de\/hometasting\/","sameAs":["https:\/\/www.facebook.com\/vinary.seminare\/","https:\/\/www.instagram.com\/vinaryseminare\/","https:\/\/twitter.com\/Vinaryseminare"],"logo":{"@type":"ImageObject","@id":"https:\/\/www.vinary.de\/hometasting\/#logo","inLanguage":"en","url":"http:\/\/www.vinary.de\/hometasting\/wp-content\/uploads\/2021\/07\/vinary-logo.png","contentUrl":"http:\/\/www.vinary.de\/hometasting\/wp-content\/uploads\/2021\/07\/vinary-logo.png","width":177,"height":55,"caption":"Vinary"},"image":{"@id":"https:\/\/www.vinary.de\/hometasting\/#logo"}},{"@type":"WebSite","@id":"https:\/\/www.vinary.de\/hometasting\/#website","url":"https:\/\/www.vinary.de\/hometasting\/","name":"Vinary - Weinseminare mit Freunden zuhause veranstalten","description":"Weinseminare mit Freunden zuhause","publisher":{"@id":"https:\/\/www.vinary.de\/hometasting\/#organization"},"potentialAction":[{"@type":"SearchAction","target":{"@type":"EntryPoint","urlTemplate":"https:\/\/www.vinary.de\/hometasting\/?s={search_term_string}"},"query-input":"required name=search_term_string"}],"inLanguage":"en"},{"@type":"ImageObject","@id":"https:\/\/vinary.de\/hometasting\/sommelierseminar\/#primaryimage","inLanguage":"en","url":"http:\/\/www.vinary.de\/hometasting\/wp-content\/uploads\/2021\/07\/sommelier_orig-1.jpg","contentUrl":"http:\/\/www.vinary.de\/hometasting\/wp-content\/uploads\/2021\/07\/sommelier_orig-1.jpg"},{"@type":"WebPage","@id":"https:\/\/vinary.de\/hometasting\/sommelierseminar\/#webpage","url":"https:\/\/vinary.de\/hometasting\/sommelierseminar\/","name":"Sommelierseminar Paket von Vinary.de - Mit Spa\u00df zum Weinprofi werden","isPartOf":{"@id":"https:\/\/www.vinary.de\/hometasting\/#website"},"primaryImageOfPage":{"@id":"https:\/\/vinary.de\/hometasting\/sommelierseminar\/#primaryimage"},"datePublished":"2021-06-30T10:42:33+00:00","dateModified":"2021-07-29T09:25:00+00:00","description":"Mit dem Profi-Weinseminar wirst du mit deinen Freunden zu hause zum richtigen Weinsommelier und wei\u00dft worauf es bei der Weinprobe ankommt.","breadcrumb":{"@id":"https:\/\/vinary.de\/hometasting\/sommelierseminar\/#breadcrumb"},"inLanguage":"en","potentialAction":[{"@type":"ReadAction","target":["https:\/\/vinary.de\/hometasting\/sommelierseminar\/"]}]},{"@type":"BreadcrumbList","@id":"https:\/\/vinary.de\/hometasting\/sommelierseminar\/#breadcrumb","itemListElement":[{"@type":"ListItem","position":1,"name":"Home","item":"https:\/\/vinary.de\/hometasting\/"},{"@type":"ListItem","position":2,"name":"SOMMELIER\u00adSEMINAR"}]}]}},"_links":{"self":[{"href":"https:\/\/vinary.de\/hometasting\/wp-json\/wp\/v2\/pages\/65"}],"collection":[{"href":"https:\/\/vinary.de\/hometasting\/wp-json\/wp\/v2\/pages"}],"about":[{"href":"https:\/\/vinary.de\/hometasting\/wp-json\/wp\/v2\/types\/page"}],"author":[{"embeddable":true,"href":"https:\/\/vinary.de\/hometasting\/wp-json\/wp\/v2\/users\/2"}],"replies":[{"embeddable":true,"href":"https:\/\/vinary.de\/hometasting\/wp-json\/wp\/v2\/comments?post=65"}],"version-history":[{"count":5,"href":"https:\/\/vinary.de\/hometasting\/wp-json\/wp\/v2\/pages\/65\/revisions"}],"predecessor-version":[{"id":1034,"href":"https:\/\/vinary.de\/hometasting\/wp-json\/wp\/v2\/pages\/65\/revisions\/1034"}],"wp:attachment":[{"href":"https:\/\/vinary.de\/hometasting\/wp-json\/wp\/v2\/media?parent=65"}],"curies":[{"name":"wp","href":"https:\/\/api.w.org\/{rel}","templated":true}]}}