{"id":61,"date":"2021-06-30T10:42:13","date_gmt":"2021-06-30T10:42:13","guid":{"rendered":"http:\/\/www.vinary.de\/hometasting\/?page_id=61"},"modified":"2021-07-29T09:27:13","modified_gmt":"2021-07-29T09:27:13","slug":"schnupperseminar","status":"publish","type":"page","link":"https:\/\/vinary.de\/hometasting\/schnupperseminar\/","title":{"rendered":"SCHNUPPER\u00adSEMINAR"},"content":{"rendered":"\t\t<div data-elementor-type=\"wp-page\" data-elementor-id=\"61\" class=\"elementor elementor-61\" data-elementor-settings=\"[]\">\n\t\t\t\t\t\t\t<div class=\"elementor-section-wrap\">\n\t\t\t\t\t\t\t<section class=\"elementor-section elementor-top-section elementor-element elementor-element-5aee1e3 elementor-section-boxed elementor-section-height-default elementor-section-height-default\" data-id=\"5aee1e3\" data-element_type=\"section\">\n\t\t\t\t\t\t<div class=\"elementor-container elementor-column-gap-default\">\n\t\t\t\t\t<div class=\"elementor-column elementor-col-100 elementor-top-column elementor-element elementor-element-0669a99\" data-id=\"0669a99\" data-element_type=\"column\">\n\t\t\t<div class=\"elementor-widget-wrap elementor-element-populated\">\n\t\t\t\t\t\t\t\t<div class=\"elementor-element elementor-element-5b68560 elementor-widget elementor-widget-heading\" data-id=\"5b68560\" data-element_type=\"widget\" data-widget_type=\"heading.default\">\n\t\t\t\t<div class=\"elementor-widget-container\">\n\t\t\t<style>\/*! elementor - v3.4.4 - 13-09-2021 *\/\n.elementor-heading-title{padding:0;margin:0;line-height:1}.elementor-widget-heading .elementor-heading-title[class*=elementor-size-]>a{color:inherit;font-size:inherit;line-height:inherit}.elementor-widget-heading .elementor-heading-title.elementor-size-small{font-size:15px}.elementor-widget-heading .elementor-heading-title.elementor-size-medium{font-size:19px}.elementor-widget-heading .elementor-heading-title.elementor-size-large{font-size:29px}.elementor-widget-heading .elementor-heading-title.elementor-size-xl{font-size:39px}.elementor-widget-heading .elementor-heading-title.elementor-size-xxl{font-size:59px}<\/style><h2 class=\"elementor-heading-title elementor-size-default\">SCHNUPPER\u00adSEMINAR<\/h2>\t\t<\/div>\n\t\t\t\t<\/div>\n\t\t\t\t<div class=\"elementor-element elementor-element-694f6c6 elementor-widget elementor-widget-image\" data-id=\"694f6c6\" data-element_type=\"widget\" data-widget_type=\"image.default\">\n\t\t\t\t<div class=\"elementor-widget-container\">\n\t\t\t<style>\/*! elementor - v3.4.4 - 13-09-2021 *\/\n.elementor-widget-image{text-align:center}.elementor-widget-image a{display:inline-block}.elementor-widget-image a img[src$=\".svg\"]{width:48px}.elementor-widget-image img{vertical-align:middle;display:inline-block}<\/style>\t\t\t\t\t\t\t\t\t\t\t\t<img width=\"800\" height=\"525\" src=\"https:\/\/res.cloudinary.com\/djmoyskjr\/images\/q_auto\/v1\/schnupper_orig-1\/schnupper_orig-1.webp?_i=AA\" class=\"attachment-full size-full\" alt=\"\" loading=\"lazy\" \/>\t\t\t\t\t\t\t\t\t\t\t\t\t\t\t<\/div>\n\t\t\t\t<\/div>\n\t\t\t\t<div class=\"elementor-element elementor-element-c31dcc6 elementor-widget elementor-widget-text-editor\" data-id=\"c31dcc6\" data-element_type=\"widget\" data-widget_type=\"text-editor.default\">\n\t\t\t\t<div class=\"elementor-widget-container\">\n\t\t\t<style>\/*! elementor - v3.4.4 - 13-09-2021 *\/\n.elementor-widget-text-editor.elementor-drop-cap-view-stacked .elementor-drop-cap{background-color:#818a91;color:#fff}.elementor-widget-text-editor.elementor-drop-cap-view-framed .elementor-drop-cap{color:#818a91;border:3px solid;background-color:transparent}.elementor-widget-text-editor:not(.elementor-drop-cap-view-default) .elementor-drop-cap{margin-top:8px}.elementor-widget-text-editor:not(.elementor-drop-cap-view-default) .elementor-drop-cap-letter{width:1em;height:1em}.elementor-widget-text-editor .elementor-drop-cap{float:left;text-align:center;line-height:1;font-size:50px}.elementor-widget-text-editor .elementor-drop-cap-letter{display:inline-block}<\/style>\t\t\t\t<p class=\"text-muted\" align=\"left\">Das\u00a0Schnupperseminar-Paket\u00a0enth\u00e4lt zwei ausgew\u00e4hlte Einsteigerweine (je einen Wei\u00dfwein und einen Rotwein). Dazu bekommst du als Veranstalter (Vinary-Master) ein detailliertes Begleitbuch, um dich durch eure Weinverkostung zu f\u00fchren. Das Vinary-Master-Begleitbuch informiert dich dar\u00fcber, wie euer Weinseminar abl\u00e4uft, z.B. wer wann wie was macht, welche Speisen passend zu welchem Wein sind, in welcher Reihenfolge die Weine degustiert werden etc.<br \/><br \/>W\u00e4hrend des Weinseminars probiert ihr beispiels\u00adweise gleich\u00adzeitig unter\u00adschied\u00adliche Weine und erriecht, erschmeckt und erkennt unterschiedlichste Aromen. Die mitgelieferten Teilnehmer-Begleit\u00adhefte helfen euch dabei die Geruchs- und Geschmacksaromen zu deuten, diese mit der Aromen\u00ad\u00fcbersicht erfahrener Sommeliers zu vergleichen und dabei gemeinsam zu lachen.<br \/><br \/>Au\u00dfer ganz viel Spa\u00df zu haben, lernen du und bis zu sechs deiner Freunde auch die Unterschiede zwischen Wei\u00df- und Rotwein, die Einsteiger-Rebsorten, sowie deren Geschmack und Geruch kennen.<\/p>\t\t\t\t\t\t<\/div>\n\t\t\t\t<\/div>\n\t\t\t\t<section class=\"elementor-section elementor-inner-section elementor-element elementor-element-ea1f502 elementor-section-boxed elementor-section-height-default elementor-section-height-default\" data-id=\"ea1f502\" data-element_type=\"section\">\n\t\t\t\t\t\t<div class=\"elementor-container elementor-column-gap-default\">\n\t\t\t\t\t<div class=\"elementor-column elementor-col-50 elementor-inner-column elementor-element elementor-element-bd924ce\" data-id=\"bd924ce\" data-element_type=\"column\">\n\t\t\t<div class=\"elementor-widget-wrap elementor-element-populated\">\n\t\t\t\t\t\t\t\t<div class=\"elementor-element elementor-element-592b84f elementor-widget elementor-widget-image\" data-id=\"592b84f\" data-element_type=\"widget\" data-widget_type=\"image.default\">\n\t\t\t\t<div class=\"elementor-widget-container\">\n\t\t\t\t\t\t\t\t\t\t\t\t\t\t\t<img width=\"700\" height=\"525\" src=\"https:\/\/res.cloudinary.com\/djmoyskjr\/images\/q_auto\/v1\/schnupper-2-1\/schnupper-2-1.webp?_i=AA\" class=\"attachment-full size-full\" alt=\"\" loading=\"lazy\" \/>\t\t\t\t\t\t\t\t\t\t\t\t\t\t\t<\/div>\n\t\t\t\t<\/div>\n\t\t\t\t\t<\/div>\n\t\t<\/div>\n\t\t\t\t<div class=\"elementor-column elementor-col-50 elementor-inner-column elementor-element elementor-element-9a25679\" data-id=\"9a25679\" data-element_type=\"column\">\n\t\t\t<div class=\"elementor-widget-wrap elementor-element-populated\">\n\t\t\t\t\t\t\t\t<div class=\"elementor-element elementor-element-5321faa elementor-widget elementor-widget-text-editor\" data-id=\"5321faa\" data-element_type=\"widget\" data-widget_type=\"text-editor.default\">\n\t\t\t\t<div class=\"elementor-widget-container\">\n\t\t\t\t\t\t\t<p><b>Paketinhalt:<\/b><br \/>1 Flasche Wei\u00dfwein<br \/>1 Flasche Rotwein<br \/>1 Vinary-Master Begleitbuch<br \/>7 Teilnehmerhefte<br \/><br \/><b>Preis (kostenloser Versand nach DE)<\/b>: 29,99\u20ac<\/p>\t\t\t\t\t\t<\/div>\n\t\t\t\t<\/div>\n\t\t\t\t<div class=\"elementor-element elementor-element-158ee0f elementor-align-left elementor-mobile-align-center elementor-widget elementor-widget-button\" data-id=\"158ee0f\" data-element_type=\"widget\" data-widget_type=\"button.default\">\n\t\t\t\t<div class=\"elementor-widget-container\">\n\t\t\t\t\t<div class=\"elementor-button-wrapper\">\n\t\t\t<a href=\"https:\/\/vinary.de\/hometasting\/ordering-page\/\" class=\"elementor-button-link elementor-button elementor-size-xl\" role=\"button\">\n\t\t\t\t\t\t<span class=\"elementor-button-content-wrapper\">\n\t\t\t\t\t\t<span class=\"elementor-button-icon elementor-align-icon-left\">\n\t\t\t\t<i aria-hidden=\"true\" class=\"fas fa-shopping-cart\"><\/i>\t\t\t<\/span>\n\t\t\t\t\t\t<span class=\"elementor-button-text\"> Bestellen<\/span>\n\t\t<\/span>\n\t\t\t\t\t<\/a>\n\t\t<\/div>\n\t\t\t\t<\/div>\n\t\t\t\t<\/div>\n\t\t\t\t\t<\/div>\n\t\t<\/div>\n\t\t\t\t\t\t\t<\/div>\n\t\t<\/section>\n\t\t\t\t\t<\/div>\n\t\t<\/div>\n\t\t\t\t\t\t\t<\/div>\n\t\t<\/section>\n\t\t\t\t\t\t<\/div>\n\t\t\t\t\t<\/div>\n\t\t","protected":false},"excerpt":{"rendered":"<p>SCHNUPPER\u00adSEMINAR Das&nbsp;Schnupperseminar-Paket&nbsp;enth\u00e4lt zwei ausgew\u00e4hlte Einsteigerweine (je einen Wei\u00dfwein und einen Rotwein). Dazu bekommst du als Veranstalter (Vinary-Master) ein detailliertes Begleitbuch, um dich durch eure Weinverkostung zu f\u00fchren. Das Vinary-Master-Begleitbuch informiert dich dar\u00fcber, wie euer Weinseminar abl\u00e4uft, z.B. wer wann wie was macht, welche Speisen passend zu welchem Wein sind, in welcher Reihenfolge die Weine degustiert [&hellip;]<\/p>\n","protected":false},"author":2,"featured_media":0,"parent":0,"menu_order":0,"comment_status":"closed","ping_status":"closed","template":"","meta":{"_cloudinary_featured_overwrite":false},"yoast_head":"<!-- This site is optimized with the Yoast SEO plugin v17.3 - https:\/\/yoast.com\/wordpress\/plugins\/seo\/ -->\n<title>Erste Erfahrungen mit Weinproben sammeln mit dem Schnupperseminar<\/title>\n<meta name=\"description\" content=\"Lerne die Basics von Weinverk\u00f6stigungen, Rebsorten und Weinfehlern kennen - spielerisch einfach und mit Spa\u00df zu hause das eigene Weinseminar.\" \/>\n<meta name=\"robots\" content=\"index, follow, max-snippet:-1, max-image-preview:large, max-video-preview:-1\" \/>\n<link rel=\"canonical\" href=\"https:\/\/vinary.de\/hometasting\/schnupperseminar\/\" \/>\n<meta property=\"og:locale\" content=\"en_US\" \/>\n<meta property=\"og:type\" content=\"article\" \/>\n<meta property=\"og:title\" content=\"Erste Erfahrungen mit Weinproben sammeln mit dem Schnupperseminar\" \/>\n<meta property=\"og:description\" content=\"Lerne die Basics von Weinverk\u00f6stigungen, Rebsorten und Weinfehlern kennen - spielerisch einfach und mit Spa\u00df zu hause das eigene Weinseminar.\" \/>\n<meta property=\"og:url\" content=\"https:\/\/vinary.de\/hometasting\/schnupperseminar\/\" \/>\n<meta property=\"og:site_name\" content=\"Vinary - Weinseminare mit Freunden zuhause veranstalten\" \/>\n<meta property=\"article:publisher\" content=\"https:\/\/www.facebook.com\/vinary.seminare\/\" \/>\n<meta property=\"article:modified_time\" content=\"2021-07-29T09:27:13+00:00\" \/>\n<meta property=\"og:image\" content=\"http:\/\/www.vinary.de\/hometasting\/wp-content\/uploads\/2021\/07\/schnupper_orig-1.jpg\" \/>\n<meta name=\"twitter:card\" content=\"summary_large_image\" \/>\n<meta name=\"twitter:site\" content=\"@Vinaryseminare\" \/>\n<meta name=\"twitter:label1\" content=\"Est. reading time\" \/>\n\t<meta name=\"twitter:data1\" content=\"2 minutes\" \/>\n<script type=\"application\/ld+json\" class=\"yoast-schema-graph\">{\"@context\":\"https:\/\/schema.org\",\"@graph\":[{\"@type\":\"Organization\",\"@id\":\"https:\/\/www.vinary.de\/hometasting\/#organization\",\"name\":\"Vinary\",\"url\":\"https:\/\/www.vinary.de\/hometasting\/\",\"sameAs\":[\"https:\/\/www.facebook.com\/vinary.seminare\/\",\"https:\/\/www.instagram.com\/vinaryseminare\/\",\"https:\/\/twitter.com\/Vinaryseminare\"],\"logo\":{\"@type\":\"ImageObject\",\"@id\":\"https:\/\/www.vinary.de\/hometasting\/#logo\",\"inLanguage\":\"en\",\"url\":\"http:\/\/www.vinary.de\/hometasting\/wp-content\/uploads\/2021\/07\/vinary-logo.png\",\"contentUrl\":\"http:\/\/www.vinary.de\/hometasting\/wp-content\/uploads\/2021\/07\/vinary-logo.png\",\"width\":177,\"height\":55,\"caption\":\"Vinary\"},\"image\":{\"@id\":\"https:\/\/www.vinary.de\/hometasting\/#logo\"}},{\"@type\":\"WebSite\",\"@id\":\"https:\/\/www.vinary.de\/hometasting\/#website\",\"url\":\"https:\/\/www.vinary.de\/hometasting\/\",\"name\":\"Vinary - Weinseminare mit Freunden zuhause veranstalten\",\"description\":\"Weinseminare mit Freunden zuhause\",\"publisher\":{\"@id\":\"https:\/\/www.vinary.de\/hometasting\/#organization\"},\"potentialAction\":[{\"@type\":\"SearchAction\",\"target\":{\"@type\":\"EntryPoint\",\"urlTemplate\":\"https:\/\/www.vinary.de\/hometasting\/?s={search_term_string}\"},\"query-input\":\"required name=search_term_string\"}],\"inLanguage\":\"en\"},{\"@type\":\"ImageObject\",\"@id\":\"https:\/\/vinary.de\/hometasting\/schnupperseminar\/#primaryimage\",\"inLanguage\":\"en\",\"url\":\"http:\/\/www.vinary.de\/hometasting\/wp-content\/uploads\/2021\/07\/schnupper_orig-1.jpg\",\"contentUrl\":\"http:\/\/www.vinary.de\/hometasting\/wp-content\/uploads\/2021\/07\/schnupper_orig-1.jpg\"},{\"@type\":\"WebPage\",\"@id\":\"https:\/\/vinary.de\/hometasting\/schnupperseminar\/#webpage\",\"url\":\"https:\/\/vinary.de\/hometasting\/schnupperseminar\/\",\"name\":\"Erste Erfahrungen mit Weinproben sammeln mit dem Schnupperseminar\",\"isPartOf\":{\"@id\":\"https:\/\/www.vinary.de\/hometasting\/#website\"},\"primaryImageOfPage\":{\"@id\":\"https:\/\/vinary.de\/hometasting\/schnupperseminar\/#primaryimage\"},\"datePublished\":\"2021-06-30T10:42:13+00:00\",\"dateModified\":\"2021-07-29T09:27:13+00:00\",\"description\":\"Lerne die Basics von Weinverk\\u00f6stigungen, Rebsorten und Weinfehlern kennen - spielerisch einfach und mit Spa\\u00df zu hause das eigene Weinseminar.\",\"breadcrumb\":{\"@id\":\"https:\/\/vinary.de\/hometasting\/schnupperseminar\/#breadcrumb\"},\"inLanguage\":\"en\",\"potentialAction\":[{\"@type\":\"ReadAction\",\"target\":[\"https:\/\/vinary.de\/hometasting\/schnupperseminar\/\"]}]},{\"@type\":\"BreadcrumbList\",\"@id\":\"https:\/\/vinary.de\/hometasting\/schnupperseminar\/#breadcrumb\",\"itemListElement\":[{\"@type\":\"ListItem\",\"position\":1,\"name\":\"Home\",\"item\":\"https:\/\/vinary.de\/hometasting\/\"},{\"@type\":\"ListItem\",\"position\":2,\"name\":\"SCHNUPPER\\u00adSEMINAR\"}]}]}<\/script>\n<!-- \/ Yoast SEO plugin. -->","yoast_head_json":{"title":"Erste Erfahrungen mit Weinproben sammeln mit dem Schnupperseminar","description":"Lerne die Basics von Weinverk\u00f6stigungen, Rebsorten und Weinfehlern kennen - spielerisch einfach und mit Spa\u00df zu hause das eigene Weinseminar.","robots":{"index":"index","follow":"follow","max-snippet":"max-snippet:-1","max-image-preview":"max-image-preview:large","max-video-preview":"max-video-preview:-1"},"canonical":"https:\/\/vinary.de\/hometasting\/schnupperseminar\/","og_locale":"en_US","og_type":"article","og_title":"Erste Erfahrungen mit Weinproben sammeln mit dem Schnupperseminar","og_description":"Lerne die Basics von Weinverk\u00f6stigungen, Rebsorten und Weinfehlern kennen - spielerisch einfach und mit Spa\u00df zu hause das eigene Weinseminar.","og_url":"https:\/\/vinary.de\/hometasting\/schnupperseminar\/","og_site_name":"Vinary - Weinseminare mit Freunden zuhause veranstalten","article_publisher":"https:\/\/www.facebook.com\/vinary.seminare\/","article_modified_time":"2021-07-29T09:27:13+00:00","og_image":[{"url":"http:\/\/www.vinary.de\/hometasting\/wp-content\/uploads\/2021\/07\/schnupper_orig-1.jpg"}],"twitter_card":"summary_large_image","twitter_site":"@Vinaryseminare","twitter_misc":{"Est. reading time":"2 minutes"},"schema":{"@context":"https:\/\/schema.org","@graph":[{"@type":"Organization","@id":"https:\/\/www.vinary.de\/hometasting\/#organization","name":"Vinary","url":"https:\/\/www.vinary.de\/hometasting\/","sameAs":["https:\/\/www.facebook.com\/vinary.seminare\/","https:\/\/www.instagram.com\/vinaryseminare\/","https:\/\/twitter.com\/Vinaryseminare"],"logo":{"@type":"ImageObject","@id":"https:\/\/www.vinary.de\/hometasting\/#logo","inLanguage":"en","url":"http:\/\/www.vinary.de\/hometasting\/wp-content\/uploads\/2021\/07\/vinary-logo.png","contentUrl":"http:\/\/www.vinary.de\/hometasting\/wp-content\/uploads\/2021\/07\/vinary-logo.png","width":177,"height":55,"caption":"Vinary"},"image":{"@id":"https:\/\/www.vinary.de\/hometasting\/#logo"}},{"@type":"WebSite","@id":"https:\/\/www.vinary.de\/hometasting\/#website","url":"https:\/\/www.vinary.de\/hometasting\/","name":"Vinary - Weinseminare mit Freunden zuhause veranstalten","description":"Weinseminare mit Freunden zuhause","publisher":{"@id":"https:\/\/www.vinary.de\/hometasting\/#organization"},"potentialAction":[{"@type":"SearchAction","target":{"@type":"EntryPoint","urlTemplate":"https:\/\/www.vinary.de\/hometasting\/?s={search_term_string}"},"query-input":"required name=search_term_string"}],"inLanguage":"en"},{"@type":"ImageObject","@id":"https:\/\/vinary.de\/hometasting\/schnupperseminar\/#primaryimage","inLanguage":"en","url":"http:\/\/www.vinary.de\/hometasting\/wp-content\/uploads\/2021\/07\/schnupper_orig-1.jpg","contentUrl":"http:\/\/www.vinary.de\/hometasting\/wp-content\/uploads\/2021\/07\/schnupper_orig-1.jpg"},{"@type":"WebPage","@id":"https:\/\/vinary.de\/hometasting\/schnupperseminar\/#webpage","url":"https:\/\/vinary.de\/hometasting\/schnupperseminar\/","name":"Erste Erfahrungen mit Weinproben sammeln mit dem Schnupperseminar","isPartOf":{"@id":"https:\/\/www.vinary.de\/hometasting\/#website"},"primaryImageOfPage":{"@id":"https:\/\/vinary.de\/hometasting\/schnupperseminar\/#primaryimage"},"datePublished":"2021-06-30T10:42:13+00:00","dateModified":"2021-07-29T09:27:13+00:00","description":"Lerne die Basics von Weinverk\u00f6stigungen, Rebsorten und Weinfehlern kennen - spielerisch einfach und mit Spa\u00df zu hause das eigene Weinseminar.","breadcrumb":{"@id":"https:\/\/vinary.de\/hometasting\/schnupperseminar\/#breadcrumb"},"inLanguage":"en","potentialAction":[{"@type":"ReadAction","target":["https:\/\/vinary.de\/hometasting\/schnupperseminar\/"]}]},{"@type":"BreadcrumbList","@id":"https:\/\/vinary.de\/hometasting\/schnupperseminar\/#breadcrumb","itemListElement":[{"@type":"ListItem","position":1,"name":"Home","item":"https:\/\/vinary.de\/hometasting\/"},{"@type":"ListItem","position":2,"name":"SCHNUPPER\u00adSEMINAR"}]}]}},"_links":{"self":[{"href":"https:\/\/vinary.de\/hometasting\/wp-json\/wp\/v2\/pages\/61"}],"collection":[{"href":"https:\/\/vinary.de\/hometasting\/wp-json\/wp\/v2\/pages"}],"about":[{"href":"https:\/\/vinary.de\/hometasting\/wp-json\/wp\/v2\/types\/page"}],"author":[{"embeddable":true,"href":"https:\/\/vinary.de\/hometasting\/wp-json\/wp\/v2\/users\/2"}],"replies":[{"embeddable":true,"href":"https:\/\/vinary.de\/hometasting\/wp-json\/wp\/v2\/comments?post=61"}],"version-history":[{"count":11,"href":"https:\/\/vinary.de\/hometasting\/wp-json\/wp\/v2\/pages\/61\/revisions"}],"predecessor-version":[{"id":1035,"href":"https:\/\/vinary.de\/hometasting\/wp-json\/wp\/v2\/pages\/61\/revisions\/1035"}],"wp:attachment":[{"href":"https:\/\/vinary.de\/hometasting\/wp-json\/wp\/v2\/media?parent=61"}],"curies":[{"name":"wp","href":"https:\/\/api.w.org\/{rel}","templated":true}]}}