{"id":579,"date":"2021-07-02T14:52:22","date_gmt":"2021-07-02T14:52:22","guid":{"rendered":"http:\/\/www.vinary.de\/hometasting\/?page_id=579"},"modified":"2021-07-02T14:53:49","modified_gmt":"2021-07-02T14:53:49","slug":"imprint-en","status":"publish","type":"page","link":"https:\/\/vinary.de\/hometasting\/en\/imprint-en\/","title":{"rendered":"Imprint en"},"content":{"rendered":"\t\t<div data-elementor-type=\"wp-page\" data-elementor-id=\"579\" class=\"elementor elementor-579\" data-elementor-settings=\"[]\">\n\t\t\t\t\t\t\t<div class=\"elementor-section-wrap\">\n\t\t\t\t\t\t\t<section class=\"elementor-section elementor-top-section elementor-element elementor-element-1ceebd6 elementor-section-boxed elementor-section-height-default elementor-section-height-default\" data-id=\"1ceebd6\" data-element_type=\"section\">\n\t\t\t\t\t\t<div class=\"elementor-container elementor-column-gap-default\">\n\t\t\t\t\t<div class=\"elementor-column elementor-col-100 elementor-top-column elementor-element elementor-element-0a73ba9\" data-id=\"0a73ba9\" data-element_type=\"column\">\n\t\t\t<div class=\"elementor-widget-wrap elementor-element-populated\">\n\t\t\t\t\t\t\t\t<div class=\"elementor-element elementor-element-56de0c8 elementor-widget elementor-widget-heading\" data-id=\"56de0c8\" data-element_type=\"widget\" data-widget_type=\"heading.default\">\n\t\t\t\t<div class=\"elementor-widget-container\">\n\t\t\t<style>\/*! elementor - v3.4.4 - 13-09-2021 *\/\n.elementor-heading-title{padding:0;margin:0;line-height:1}.elementor-widget-heading .elementor-heading-title[class*=elementor-size-]>a{color:inherit;font-size:inherit;line-height:inherit}.elementor-widget-heading .elementor-heading-title.elementor-size-small{font-size:15px}.elementor-widget-heading .elementor-heading-title.elementor-size-medium{font-size:19px}.elementor-widget-heading .elementor-heading-title.elementor-size-large{font-size:29px}.elementor-widget-heading .elementor-heading-title.elementor-size-xl{font-size:39px}.elementor-widget-heading .elementor-heading-title.elementor-size-xxl{font-size:59px}<\/style><h2 class=\"elementor-heading-title elementor-size-default\">IMPRINT<\/h2>\t\t<\/div>\n\t\t\t\t<\/div>\n\t\t\t\t<div class=\"elementor-element elementor-element-42e4963 elementor-widget elementor-widget-text-editor\" data-id=\"42e4963\" data-element_type=\"widget\" data-widget_type=\"text-editor.default\">\n\t\t\t\t<div class=\"elementor-widget-container\">\n\t\t\t<style>\/*! elementor - v3.4.4 - 13-09-2021 *\/\n.elementor-widget-text-editor.elementor-drop-cap-view-stacked .elementor-drop-cap{background-color:#818a91;color:#fff}.elementor-widget-text-editor.elementor-drop-cap-view-framed .elementor-drop-cap{color:#818a91;border:3px solid;background-color:transparent}.elementor-widget-text-editor:not(.elementor-drop-cap-view-default) .elementor-drop-cap{margin-top:8px}.elementor-widget-text-editor:not(.elementor-drop-cap-view-default) .elementor-drop-cap-letter{width:1em;height:1em}.elementor-widget-text-editor .elementor-drop-cap{float:left;text-align:center;line-height:1;font-size:50px}.elementor-widget-text-editor .elementor-drop-cap-letter{display:inline-block}<\/style>\t\t\t\t<h4>ACCORDING TO\u00a0 5 TMG<\/h4><p>Julian Craemer UG (haftungsbeschr\u00e4nkt)<br \/>Stellinger Weg 45<br \/>20255 Hamburg<\/p><h4>REPRESENTED BY:<\/h4><p>Julian Craemer<\/p><h4>CONTACT:<\/h4><p>Telefon: <a href=\"tel:+49 40 716 357 89\">+49 40 716 357 89<\/a><br \/>E-Mail: <a href=\"mailto:support@vinary.de\">support@vinary.de<\/a><\/p><h4>REGISTER ENTRY:<\/h4><p>Eintragung im Eintragung .<br \/>Registergericht: Amtsgericht Hamburg<br \/>Registernummer: HRB 142637<\/p><h4>IMAGE MATERIAL<\/h4><p><a href=\"mailto:karomertes@gmx.de\">Fotos von Karoline Mertes<\/a><\/p><p><a href=\"http:\/\/www.freepik.com\/free-photos-vectors\/water\">Water vector designed by Alvaro_cabrera &#8211; Freepik.com<\/a><\/p><p>\u00a0<\/p><h4>HAFTUNGSAUSSCHLUSS (DISCLAIMER)<\/h4><p><strong>Haftung f\u00fcr Inhalte<\/strong><\/p><p>Als Diensteanbieter sind wir gem\u00e4\u00df \u00a7 7 Abs.1 TMG f\u00fcr eigene Inhalte auf diesen Seiten nach den allgemeinen Gesetzen verantwortlich. Nach \u00a7\u00a7 8 bis 10 TMG sind wir als Diensteanbieter jedoch nicht verpflichtet, \u00fcbermittelte oder gespeicherte fremde Informationen zu \u00fcberwachen oder nach Umst\u00e4nden zu forschen, die auf eine rechtswidrige T\u00e4tigkeit hinweisen. Verpflichtungen zur Entfernung oder Sperrung der Nutzung von Informationen nach den allgemeinen Gesetzen bleiben hiervon unber\u00fchrt. Eine diesbez\u00fcgliche Haftung ist jedoch erst ab dem Zeitpunkt der Kenntnis einer konkreten Rechtsverletzung m\u00f6glich. Bei Bekanntwerden von entsprechenden Rechtsverletzungen werden wir diese Inhalte umgehend entfernen.<\/p><p><strong>Haftung f\u00fcr Links<\/strong><\/p><p>Unser Angebot enth\u00e4lt Links zu externen Webseiten Dritter, auf deren Inhalte wir keinen Einfluss haben. Deshalb k\u00f6nnen wir f\u00fcr diese fremden Inhalte auch keine Gew\u00e4hr \u00fcbernehmen. F\u00fcr die Inhalte der verlinkten Seiten ist stets der jeweilige Anbieter oder Betreiber der Seiten verantwortlich. Die verlinkten Seiten wurden zum Zeitpunkt der Verlinkung auf m\u00f6gliche Rechtsverst\u00f6\u00dfe \u00fcberpr\u00fcft. Rechtswidrige Inhalte waren zum Zeitpunkt der Verlinkung nicht erkennbar. Eine permanente inhaltliche Kontrolle der verlinkten Seiten ist jedoch ohne konkrete Anhaltspunkte einer Rechtsverletzung nicht zumutbar. Bei Bekanntwerden von Rechtsverletzungen werden wir derartige Links umgehend entfernen.<\/p><p><strong>Urheberrecht<\/strong><\/p><p>Die durch die Seitenbetreiber erstellten Inhalte und Werke auf diesen Seiten unterliegen dem deutschen Urheberrecht. Die Vervielf\u00e4ltigung, Bearbeitung, Verbreitung und jede Art der Verwertung au\u00dferhalb der Grenzen des Urheberrechtes bed\u00fcrfen der schriftlichen Zustimmung des jeweiligen Autors bzw. Erstellers. Downloads und Kopien dieser Seite sind nur f\u00fcr den privaten, nicht kommerziellen Gebrauch gestattet. Soweit die Inhalte auf dieser Seite nicht vom Betreiber erstellt wurden, werden die Urheberrechte Dritter beachtet. Insbesondere werden Inhalte Dritter als solche gekennzeichnet. Sollten Sie trotzdem auf eine Urheberrechtsverletzung aufmerksam werden, bitten wir um einen entsprechenden Hinweis. Bei Bekanntwerden von Rechtsverletzungen werden wir derartige Inhalte umgehend entfernen.<\/p>\t\t\t\t\t\t<\/div>\n\t\t\t\t<\/div>\n\t\t\t\t\t<\/div>\n\t\t<\/div>\n\t\t\t\t\t\t\t<\/div>\n\t\t<\/section>\n\t\t\t\t\t\t<\/div>\n\t\t\t\t\t<\/div>\n\t\t","protected":false},"excerpt":{"rendered":"<p>IMPRINT ACCORDING TO\u00a0 5 TMG Julian Craemer UG (haftungsbeschr\u00e4nkt)Stellinger Weg 4520255 Hamburg REPRESENTED BY: Julian Craemer CONTACT: Telefon: +49 40 716 357 89E-Mail: support@vinary.de REGISTER ENTRY: Eintragung im Eintragung .Registergericht: Amtsgericht HamburgRegisternummer: HRB 142637 IMAGE MATERIAL Fotos von Karoline Mertes Water vector designed by Alvaro_cabrera &#8211; Freepik.com \u00a0 HAFTUNGSAUSSCHLUSS (DISCLAIMER) Haftung f\u00fcr Inhalte Als Diensteanbieter [&hellip;]<\/p>\n","protected":false},"author":2,"featured_media":0,"parent":0,"menu_order":0,"comment_status":"closed","ping_status":"closed","template":"","meta":{"_cloudinary_featured_overwrite":false},"yoast_head":"<!-- This site is optimized with the Yoast SEO plugin v17.3 - https:\/\/yoast.com\/wordpress\/plugins\/seo\/ -->\n<title>Imprint en - Vinary - Weinseminare mit Freunden zuhause veranstalten<\/title>\n<meta name=\"robots\" content=\"noindex, follow\" \/>\n<meta property=\"og:locale\" content=\"en_US\" \/>\n<meta property=\"og:type\" content=\"article\" \/>\n<meta property=\"og:title\" content=\"Imprint en - Vinary - Weinseminare mit Freunden zuhause veranstalten\" \/>\n<meta property=\"og:description\" content=\"IMPRINT ACCORDING TO\u00a0 5 TMG Julian Craemer UG (haftungsbeschr\u00e4nkt)Stellinger Weg 4520255 Hamburg REPRESENTED BY: Julian Craemer CONTACT: Telefon: +49 40 716 357 89E-Mail: support@vinary.de REGISTER ENTRY: Eintragung im Eintragung .Registergericht: Amtsgericht HamburgRegisternummer: HRB 142637 IMAGE MATERIAL Fotos von Karoline Mertes Water vector designed by Alvaro_cabrera &#8211; Freepik.com \u00a0 HAFTUNGSAUSSCHLUSS (DISCLAIMER) Haftung f\u00fcr Inhalte Als Diensteanbieter [&hellip;]\" \/>\n<meta property=\"og:url\" content=\"https:\/\/vinary.de\/hometasting\/en\/imprint-en\/\" \/>\n<meta property=\"og:site_name\" content=\"Vinary - Weinseminare mit Freunden zuhause veranstalten\" \/>\n<meta property=\"article:publisher\" content=\"https:\/\/www.facebook.com\/vinary.seminare\/\" \/>\n<meta property=\"article:modified_time\" content=\"2021-07-02T14:53:49+00:00\" \/>\n<meta name=\"twitter:card\" content=\"summary_large_image\" \/>\n<meta name=\"twitter:site\" content=\"@Vinaryseminare\" \/>\n<meta name=\"twitter:label1\" content=\"Est. reading time\" \/>\n\t<meta name=\"twitter:data1\" content=\"2 minutes\" \/>\n<script type=\"application\/ld+json\" class=\"yoast-schema-graph\">{\"@context\":\"https:\/\/schema.org\",\"@graph\":[{\"@type\":\"Organization\",\"@id\":\"https:\/\/www.vinary.de\/hometasting\/#organization\",\"name\":\"Vinary\",\"url\":\"https:\/\/www.vinary.de\/hometasting\/\",\"sameAs\":[\"https:\/\/www.facebook.com\/vinary.seminare\/\",\"https:\/\/www.instagram.com\/vinaryseminare\/\",\"https:\/\/twitter.com\/Vinaryseminare\"],\"logo\":{\"@type\":\"ImageObject\",\"@id\":\"https:\/\/www.vinary.de\/hometasting\/#logo\",\"inLanguage\":\"en\",\"url\":\"http:\/\/www.vinary.de\/hometasting\/wp-content\/uploads\/2021\/07\/vinary-logo.png\",\"contentUrl\":\"http:\/\/www.vinary.de\/hometasting\/wp-content\/uploads\/2021\/07\/vinary-logo.png\",\"width\":177,\"height\":55,\"caption\":\"Vinary\"},\"image\":{\"@id\":\"https:\/\/www.vinary.de\/hometasting\/#logo\"}},{\"@type\":\"WebSite\",\"@id\":\"https:\/\/www.vinary.de\/hometasting\/#website\",\"url\":\"https:\/\/www.vinary.de\/hometasting\/\",\"name\":\"Vinary - Weinseminare mit Freunden zuhause veranstalten\",\"description\":\"Weinseminare mit Freunden zuhause\",\"publisher\":{\"@id\":\"https:\/\/www.vinary.de\/hometasting\/#organization\"},\"potentialAction\":[{\"@type\":\"SearchAction\",\"target\":{\"@type\":\"EntryPoint\",\"urlTemplate\":\"https:\/\/www.vinary.de\/hometasting\/?s={search_term_string}\"},\"query-input\":\"required name=search_term_string\"}],\"inLanguage\":\"en\"},{\"@type\":\"WebPage\",\"@id\":\"https:\/\/vinary.de\/hometasting\/en\/imprint-en\/#webpage\",\"url\":\"https:\/\/vinary.de\/hometasting\/en\/imprint-en\/\",\"name\":\"Imprint en - Vinary - Weinseminare mit Freunden zuhause veranstalten\",\"isPartOf\":{\"@id\":\"https:\/\/www.vinary.de\/hometasting\/#website\"},\"datePublished\":\"2021-07-02T14:52:22+00:00\",\"dateModified\":\"2021-07-02T14:53:49+00:00\",\"breadcrumb\":{\"@id\":\"https:\/\/vinary.de\/hometasting\/en\/imprint-en\/#breadcrumb\"},\"inLanguage\":\"en\",\"potentialAction\":[{\"@type\":\"ReadAction\",\"target\":[\"https:\/\/vinary.de\/hometasting\/en\/imprint-en\/\"]}]},{\"@type\":\"BreadcrumbList\",\"@id\":\"https:\/\/vinary.de\/hometasting\/en\/imprint-en\/#breadcrumb\",\"itemListElement\":[{\"@type\":\"ListItem\",\"position\":1,\"name\":\"Home\",\"item\":\"https:\/\/vinary.de\/hometasting\/\"},{\"@type\":\"ListItem\",\"position\":2,\"name\":\"Imprint en\"}]}]}<\/script>\n<!-- \/ Yoast SEO plugin. -->","yoast_head_json":{"title":"Imprint en - Vinary - Weinseminare mit Freunden zuhause veranstalten","robots":{"index":"noindex","follow":"follow"},"og_locale":"en_US","og_type":"article","og_title":"Imprint en - Vinary - Weinseminare mit Freunden zuhause veranstalten","og_description":"IMPRINT ACCORDING TO\u00a0 5 TMG Julian Craemer UG (haftungsbeschr\u00e4nkt)Stellinger Weg 4520255 Hamburg REPRESENTED BY: Julian Craemer CONTACT: Telefon: +49 40 716 357 89E-Mail: support@vinary.de REGISTER ENTRY: Eintragung im Eintragung .Registergericht: Amtsgericht HamburgRegisternummer: HRB 142637 IMAGE MATERIAL Fotos von Karoline Mertes Water vector designed by Alvaro_cabrera &#8211; Freepik.com \u00a0 HAFTUNGSAUSSCHLUSS (DISCLAIMER) Haftung f\u00fcr Inhalte Als Diensteanbieter [&hellip;]","og_url":"https:\/\/vinary.de\/hometasting\/en\/imprint-en\/","og_site_name":"Vinary - Weinseminare mit Freunden zuhause veranstalten","article_publisher":"https:\/\/www.facebook.com\/vinary.seminare\/","article_modified_time":"2021-07-02T14:53:49+00:00","twitter_card":"summary_large_image","twitter_site":"@Vinaryseminare","twitter_misc":{"Est. reading time":"2 minutes"},"schema":{"@context":"https:\/\/schema.org","@graph":[{"@type":"Organization","@id":"https:\/\/www.vinary.de\/hometasting\/#organization","name":"Vinary","url":"https:\/\/www.vinary.de\/hometasting\/","sameAs":["https:\/\/www.facebook.com\/vinary.seminare\/","https:\/\/www.instagram.com\/vinaryseminare\/","https:\/\/twitter.com\/Vinaryseminare"],"logo":{"@type":"ImageObject","@id":"https:\/\/www.vinary.de\/hometasting\/#logo","inLanguage":"en","url":"http:\/\/www.vinary.de\/hometasting\/wp-content\/uploads\/2021\/07\/vinary-logo.png","contentUrl":"http:\/\/www.vinary.de\/hometasting\/wp-content\/uploads\/2021\/07\/vinary-logo.png","width":177,"height":55,"caption":"Vinary"},"image":{"@id":"https:\/\/www.vinary.de\/hometasting\/#logo"}},{"@type":"WebSite","@id":"https:\/\/www.vinary.de\/hometasting\/#website","url":"https:\/\/www.vinary.de\/hometasting\/","name":"Vinary - Weinseminare mit Freunden zuhause veranstalten","description":"Weinseminare mit Freunden zuhause","publisher":{"@id":"https:\/\/www.vinary.de\/hometasting\/#organization"},"potentialAction":[{"@type":"SearchAction","target":{"@type":"EntryPoint","urlTemplate":"https:\/\/www.vinary.de\/hometasting\/?s={search_term_string}"},"query-input":"required name=search_term_string"}],"inLanguage":"en"},{"@type":"WebPage","@id":"https:\/\/vinary.de\/hometasting\/en\/imprint-en\/#webpage","url":"https:\/\/vinary.de\/hometasting\/en\/imprint-en\/","name":"Imprint en - Vinary - Weinseminare mit Freunden zuhause veranstalten","isPartOf":{"@id":"https:\/\/www.vinary.de\/hometasting\/#website"},"datePublished":"2021-07-02T14:52:22+00:00","dateModified":"2021-07-02T14:53:49+00:00","breadcrumb":{"@id":"https:\/\/vinary.de\/hometasting\/en\/imprint-en\/#breadcrumb"},"inLanguage":"en","potentialAction":[{"@type":"ReadAction","target":["https:\/\/vinary.de\/hometasting\/en\/imprint-en\/"]}]},{"@type":"BreadcrumbList","@id":"https:\/\/vinary.de\/hometasting\/en\/imprint-en\/#breadcrumb","itemListElement":[{"@type":"ListItem","position":1,"name":"Home","item":"https:\/\/vinary.de\/hometasting\/"},{"@type":"ListItem","position":2,"name":"Imprint en"}]}]}},"_links":{"self":[{"href":"https:\/\/vinary.de\/hometasting\/wp-json\/wp\/v2\/pages\/579"}],"collection":[{"href":"https:\/\/vinary.de\/hometasting\/wp-json\/wp\/v2\/pages"}],"about":[{"href":"https:\/\/vinary.de\/hometasting\/wp-json\/wp\/v2\/types\/page"}],"author":[{"embeddable":true,"href":"https:\/\/vinary.de\/hometasting\/wp-json\/wp\/v2\/users\/2"}],"replies":[{"embeddable":true,"href":"https:\/\/vinary.de\/hometasting\/wp-json\/wp\/v2\/comments?post=579"}],"version-history":[{"count":4,"href":"https:\/\/vinary.de\/hometasting\/wp-json\/wp\/v2\/pages\/579\/revisions"}],"predecessor-version":[{"id":583,"href":"https:\/\/vinary.de\/hometasting\/wp-json\/wp\/v2\/pages\/579\/revisions\/583"}],"wp:attachment":[{"href":"https:\/\/vinary.de\/hometasting\/wp-json\/wp\/v2\/media?parent=579"}],"curies":[{"name":"wp","href":"https:\/\/api.w.org\/{rel}","templated":true}]}}